{"id":695,"date":"2017-09-12T09:06:18","date_gmt":"2017-09-12T09:06:18","guid":{"rendered":"http:\/\/nutricorp.kwayythemes.com\/?page_id=695"},"modified":"2018-03-27T14:57:40","modified_gmt":"2018-03-27T12:57:40","slug":"blog-grid","status":"publish","type":"page","link":"https:\/\/www.nutrition-sante.diet\/site\/blog-grid\/","title":{"rendered":"Actualit\u00e9s"},"content":{"rendered":"<div class=\"wpb-content-wrapper\"><p>[vc_row][vc_column]<div class=\"kwayy-boxes kwayy-boxes-blog kwayy-boxes-view-default kwayy-boxes-col-three kwayy-boxes-sortable-no kwayy-boxes-textalign-center kwayy-boxes-sortablebutton-\">\r\n\t\t<div class=\"kwayy-boxes-inner kwayy-boxes-blog-inner \">\r\n\t\t\t\r\n\t\t\t<div class=\"row multi-columns-row kwayy-boxes-row-wrapper\">\r\n\t\t\t\t<div class=\"tm-box-col-wrapper col-lg-4 col-sm-6 col-md-4 col-xs-12 actualites\"><article class=\"kwayy-box kwayy-box-blog kwayy-box-topimage kwayy-blogbox-format- tm-no-featured-content\">\r\n\t<div class=\"post-item\">\r\n\t\t\t\t<div class=\"tm-featured-outer-wrapper tm-post-featured-outer-wrapper\">\r\n\t\t\t<div class=\"kwayy-post-date-wrapper\"><div class=\"kwayy-entry-date-wrapper\"><span class=\"kwayy-entry-date\"><time class=\"entry-date\" datetime=\"2018-03-27T16:01:46+02:00\">27<span class=\"entry-month entry-year\">Mar<span class=\"entry-year\">2018<\/span><\/span><\/time><\/span><\/div><\/div>\t\t\t\t\t\t\t\t<\/div>\r\n\t\t<div class=\"kwayy-box-content\">\t\t\r\n\t\t\tby <span class=\"kwayy-blogbox-meta-row kwayy-blogbox-meta-row-user\"><i class=\"tm-nutricorp-icon-user\"><\/i> <span class=\"author vcard\"><a class=\"url fn n\" href=\"https:\/\/www.nutrition-sante.diet\/site\/author\/sophviars\/\">SOPhviarS<\/a><\/span><\/span>\t\t\t<div class=\"kwayy-box-title\"><h4><a href=\"https:\/\/www.nutrition-sante.diet\/site\/2018\/03\/27\/prevention-du-cancer-recommandations-nutritionnelles-et-dactivite-physique\/\">Pr\u00e9vention du cancer : recommandations nutritionnelles et d\u2019activit\u00e9 physique<\/a><\/h4><\/div>\t\t\t\t\t\t<div class=\"kwayy-box-desc\">\r\n\t\t\t\t<div class=\"kwayy-box-desc-text\">https:\/\/youtu.be\/dEg9E3DfUTI...<\/div>\r\n\t\t\t\t<div class=\"kwayy-box-desc-footer\">\r\n\t\t\t\t\t\t\t\t\t\t<div class=\"kwayy-blogbox-desc-footer\">\r\n\t\t\t\t\t\t<div class=\"kwayy-blogbox-footer-readmore\">\r\n\t\t\t\t\t\t\t\t\t\t\t\t\t\t\t\t\t\t\t\t<\/div>\r\n\t\t\t\t\t<\/div>\r\n\t\t\t\t<\/div>\r\n\t\t\t<\/div>\r\n\t\t<\/div>\r\n\t<\/div>\r\n<\/article>\r\n\r\n\r\n<\/div><div class=\"tm-box-col-wrapper col-lg-4 col-sm-6 col-md-4 col-xs-12 actualites\"><article class=\"kwayy-box kwayy-box-blog kwayy-box-topimage kwayy-blogbox-format- \">\r\n\t<div class=\"post-item\">\r\n\t\t\t\t<div class=\"tm-featured-outer-wrapper tm-post-featured-outer-wrapper\">\r\n\t\t\t<div class=\"kwayy-post-date-wrapper\"><div class=\"kwayy-entry-date-wrapper\"><span class=\"kwayy-entry-date\"><time class=\"entry-date\" datetime=\"2018-01-19T11:39:15+01:00\">19<span class=\"entry-month entry-year\">Jan<span class=\"entry-year\">2018<\/span><\/span><\/time><\/span><\/div><\/div>\t\t\t\t\t\t<div class=\"tm-featured-wrapper tm-post-featured-wrapper tm-post-format-\"><img loading=\"lazy\" decoding=\"async\" width=\"800\" height=\"670\" src=\"https:\/\/www.nutrition-sante.diet\/site\/wp-content\/uploads\/2018\/01\/interview-800x670.png\" class=\"attachment-kwayy-img-blog size-kwayy-img-blog wp-post-image\" alt=\"\" data-id=\"4034\" \/><\/div>\t\t<\/div>\r\n\t\t<div class=\"kwayy-box-content\">\t\t\r\n\t\t\tby <span class=\"kwayy-blogbox-meta-row kwayy-blogbox-meta-row-user\"><i class=\"tm-nutricorp-icon-user\"><\/i> <span class=\"author vcard\"><a class=\"url fn n\" href=\"https:\/\/www.nutrition-sante.diet\/site\/author\/sophviars\/\">SOPhviarS<\/a><\/span><\/span>\t\t\t<div class=\"kwayy-box-title\"><h4><a href=\"https:\/\/www.nutrition-sante.diet\/site\/2018\/01\/19\/nous-ne-mangeons-pas-des-nutriments-mais-des-aliments\/\">Nous ne mangeons pas des nutriments mais des aliments<\/a><\/h4><\/div>\t\t\t\t\t\t<div class=\"kwayy-box-desc\">\r\n\t\t\t\t<div class=\"kwayy-box-desc-text\">Interview du Dr Jean-Michel Lecerf...<\/div>\r\n\t\t\t\t<div class=\"kwayy-box-desc-footer\">\r\n\t\t\t\t\t\t\t\t\t\t<div class=\"kwayy-blogbox-desc-footer\">\r\n\t\t\t\t\t\t<div class=\"kwayy-blogbox-footer-readmore\">\r\n\t\t\t\t\t\t\t<div class=\"kwayy-blogbox-footer-left kwayy-wrap-cell\"><a href=\"https:\/\/www.nutrition-sante.diet\/site\/2018\/01\/19\/nous-ne-mangeons-pas-des-nutriments-mais-des-aliments\/\">Lire la suite<\/a><\/div>\t\t\t\t\t\t\t\t\t\t\t\t\t<\/div>\r\n\t\t\t\t\t<\/div>\r\n\t\t\t\t<\/div>\r\n\t\t\t<\/div>\r\n\t\t<\/div>\r\n\t<\/div>\r\n<\/article>\r\n\r\n\r\n<\/div><div class=\"tm-box-col-wrapper col-lg-4 col-sm-6 col-md-4 col-xs-12 actualites\"><article class=\"kwayy-box kwayy-box-blog kwayy-box-topimage kwayy-blogbox-format- \">\r\n\t<div class=\"post-item\">\r\n\t\t\t\t<div class=\"tm-featured-outer-wrapper tm-post-featured-outer-wrapper\">\r\n\t\t\t<div class=\"kwayy-post-date-wrapper\"><div class=\"kwayy-entry-date-wrapper\"><span class=\"kwayy-entry-date\"><time class=\"entry-date\" datetime=\"2017-10-19T08:51:42+02:00\">19<span class=\"entry-month entry-year\">Oct<span class=\"entry-year\">2017<\/span><\/span><\/time><\/span><\/div><\/div>\t\t\t\t\t\t<div class=\"tm-featured-wrapper tm-post-featured-wrapper tm-post-format-\"><img loading=\"lazy\" decoding=\"async\" width=\"800\" height=\"445\" src=\"https:\/\/www.nutrition-sante.diet\/site\/wp-content\/uploads\/2017\/10\/osteoporose-800x445.png\" class=\"attachment-kwayy-img-blog size-kwayy-img-blog wp-post-image\" alt=\"\" srcset=\"https:\/\/www.nutrition-sante.diet\/site\/wp-content\/uploads\/2017\/10\/osteoporose.png 800w, https:\/\/www.nutrition-sante.diet\/site\/wp-content\/uploads\/2017\/10\/osteoporose-300x167.png 300w, https:\/\/www.nutrition-sante.diet\/site\/wp-content\/uploads\/2017\/10\/osteoporose-768x427.png 768w\" sizes=\"auto, (max-width: 800px) 100vw, 800px\" data-id=\"4031\" \/><\/div>\t\t<\/div>\r\n\t\t<div class=\"kwayy-box-content\">\t\t\r\n\t\t\tby <span class=\"kwayy-blogbox-meta-row kwayy-blogbox-meta-row-user\"><i class=\"tm-nutricorp-icon-user\"><\/i> <span class=\"author vcard\"><a class=\"url fn n\" href=\"https:\/\/www.nutrition-sante.diet\/site\/author\/sophviars\/\">SOPhviarS<\/a><\/span><\/span>\t\t\t<div class=\"kwayy-box-title\"><h4><a href=\"https:\/\/www.nutrition-sante.diet\/site\/2017\/10\/19\/les-produits-laitiers-pour-la-prevention-des-fractures-en-france-une-strategie-economiquement-avantageuse\/\">Les produits laitiers pour la pr\u00e9vention des fractures en France  : une strat\u00e9gie \u00e9conomiquement avantageuse<\/a><\/h4><\/div>\t\t\t\t\t\t<div class=\"kwayy-box-desc\">\r\n\t\t\t\t<div class=\"kwayy-box-desc-text\">L\u2019ost\u00e9oporose est devenue un v\u00e9ritable probl\u00e8me de sant\u00e9 publique. Cette maladie chronique qui se caract\u00e9rise par une diminution de la masse osseuse et une d\u00e9t\u00e9rioration\u2026...<\/div>\r\n\t\t\t\t<div class=\"kwayy-box-desc-footer\">\r\n\t\t\t\t\t\t\t\t\t\t<div class=\"kwayy-blogbox-desc-footer\">\r\n\t\t\t\t\t\t<div class=\"kwayy-blogbox-footer-readmore\">\r\n\t\t\t\t\t\t\t<div class=\"kwayy-blogbox-footer-left kwayy-wrap-cell\"><a href=\"https:\/\/www.nutrition-sante.diet\/site\/2017\/10\/19\/les-produits-laitiers-pour-la-prevention-des-fractures-en-france-une-strategie-economiquement-avantageuse\/\">Lire la suite<\/a><\/div>\t\t\t\t\t\t\t\t\t\t\t\t\t<\/div>\r\n\t\t\t\t\t<\/div>\r\n\t\t\t\t<\/div>\r\n\t\t\t<\/div>\r\n\t\t<\/div>\r\n\t<\/div>\r\n<\/article>\r\n\r\n\r\n<\/div>\r\n\t\t\t<\/div>\r\n\t\t<\/div><!-- .kwayy-boxes-inner -->   <\/div><!-- .kwayy-boxes -->  [\/vc_column][\/vc_row]<\/p>\n<\/div>","protected":false},"excerpt":{"rendered":"<p>[vc_row][vc_column][\/vc_column][\/vc_row]<\/p>\n","protected":false},"author":2,"featured_media":0,"parent":0,"menu_order":45,"comment_status":"closed","ping_status":"closed","template":"","meta":{"footnotes":""},"class_list":["post-695","page","type-page","status-publish","hentry"],"yoast_head":"<!-- This site is optimized with the Yoast SEO plugin v27.2 - https:\/\/yoast.com\/product\/yoast-seo-wordpress\/ -->\n<title>Actualit\u00e9s - Sophie Viars - Di\u00e9t\u00e9ticienne Nutritionniste<\/title>\n<meta name=\"robots\" content=\"index, follow, max-snippet:-1, max-image-preview:large, max-video-preview:-1\" \/>\n<link rel=\"canonical\" href=\"https:\/\/www.nutrition-sante.diet\/site\/blog-grid\/\" \/>\n<meta property=\"og:locale\" content=\"fr_FR\" \/>\n<meta property=\"og:type\" content=\"article\" \/>\n<meta property=\"og:title\" content=\"Actualit\u00e9s - Sophie Viars - Di\u00e9t\u00e9ticienne Nutritionniste\" \/>\n<meta property=\"og:description\" content=\"[vc_row][vc_column][\/vc_column][\/vc_row]\" \/>\n<meta property=\"og:url\" content=\"https:\/\/www.nutrition-sante.diet\/site\/blog-grid\/\" \/>\n<meta property=\"og:site_name\" content=\"Sophie Viars - Di\u00e9t\u00e9ticienne Nutritionniste\" \/>\n<meta property=\"article:modified_time\" content=\"2018-03-27T12:57:40+00:00\" \/>\n<meta name=\"twitter:card\" content=\"summary_large_image\" \/>\n<script type=\"application\/ld+json\" class=\"yoast-schema-graph\">{\"@context\":\"https:\/\/schema.org\",\"@graph\":[{\"@type\":\"WebPage\",\"@id\":\"https:\/\/www.nutrition-sante.diet\/site\/blog-grid\/\",\"url\":\"https:\/\/www.nutrition-sante.diet\/site\/blog-grid\/\",\"name\":\"Actualit\u00e9s - Sophie Viars - Di\u00e9t\u00e9ticienne Nutritionniste\",\"isPartOf\":{\"@id\":\"https:\/\/www.nutrition-sante.diet\/site\/#website\"},\"datePublished\":\"2017-09-12T09:06:18+00:00\",\"dateModified\":\"2018-03-27T12:57:40+00:00\",\"breadcrumb\":{\"@id\":\"https:\/\/www.nutrition-sante.diet\/site\/blog-grid\/#breadcrumb\"},\"inLanguage\":\"fr-FR\",\"potentialAction\":[{\"@type\":\"ReadAction\",\"target\":[\"https:\/\/www.nutrition-sante.diet\/site\/blog-grid\/\"]}]},{\"@type\":\"BreadcrumbList\",\"@id\":\"https:\/\/www.nutrition-sante.diet\/site\/blog-grid\/#breadcrumb\",\"itemListElement\":[{\"@type\":\"ListItem\",\"position\":1,\"name\":\"Accueil\",\"item\":\"https:\/\/www.nutrition-sante.diet\/site\/\"},{\"@type\":\"ListItem\",\"position\":2,\"name\":\"Actualit\u00e9s\"}]},{\"@type\":\"WebSite\",\"@id\":\"https:\/\/www.nutrition-sante.diet\/site\/#website\",\"url\":\"https:\/\/www.nutrition-sante.diet\/site\/\",\"name\":\"Sophie Viars - Di\u00e9t\u00e9ticienne Nutritionniste\",\"description\":\"\",\"potentialAction\":[{\"@type\":\"SearchAction\",\"target\":{\"@type\":\"EntryPoint\",\"urlTemplate\":\"https:\/\/www.nutrition-sante.diet\/site\/?s={search_term_string}\"},\"query-input\":{\"@type\":\"PropertyValueSpecification\",\"valueRequired\":true,\"valueName\":\"search_term_string\"}}],\"inLanguage\":\"fr-FR\"}]}<\/script>\n<!-- \/ Yoast SEO plugin. -->","yoast_head_json":{"title":"Actualit\u00e9s - Sophie Viars - Di\u00e9t\u00e9ticienne Nutritionniste","robots":{"index":"index","follow":"follow","max-snippet":"max-snippet:-1","max-image-preview":"max-image-preview:large","max-video-preview":"max-video-preview:-1"},"canonical":"https:\/\/www.nutrition-sante.diet\/site\/blog-grid\/","og_locale":"fr_FR","og_type":"article","og_title":"Actualit\u00e9s - Sophie Viars - Di\u00e9t\u00e9ticienne Nutritionniste","og_description":"[vc_row][vc_column][\/vc_column][\/vc_row]","og_url":"https:\/\/www.nutrition-sante.diet\/site\/blog-grid\/","og_site_name":"Sophie Viars - Di\u00e9t\u00e9ticienne Nutritionniste","article_modified_time":"2018-03-27T12:57:40+00:00","twitter_card":"summary_large_image","schema":{"@context":"https:\/\/schema.org","@graph":[{"@type":"WebPage","@id":"https:\/\/www.nutrition-sante.diet\/site\/blog-grid\/","url":"https:\/\/www.nutrition-sante.diet\/site\/blog-grid\/","name":"Actualit\u00e9s - Sophie Viars - Di\u00e9t\u00e9ticienne Nutritionniste","isPartOf":{"@id":"https:\/\/www.nutrition-sante.diet\/site\/#website"},"datePublished":"2017-09-12T09:06:18+00:00","dateModified":"2018-03-27T12:57:40+00:00","breadcrumb":{"@id":"https:\/\/www.nutrition-sante.diet\/site\/blog-grid\/#breadcrumb"},"inLanguage":"fr-FR","potentialAction":[{"@type":"ReadAction","target":["https:\/\/www.nutrition-sante.diet\/site\/blog-grid\/"]}]},{"@type":"BreadcrumbList","@id":"https:\/\/www.nutrition-sante.diet\/site\/blog-grid\/#breadcrumb","itemListElement":[{"@type":"ListItem","position":1,"name":"Accueil","item":"https:\/\/www.nutrition-sante.diet\/site\/"},{"@type":"ListItem","position":2,"name":"Actualit\u00e9s"}]},{"@type":"WebSite","@id":"https:\/\/www.nutrition-sante.diet\/site\/#website","url":"https:\/\/www.nutrition-sante.diet\/site\/","name":"Sophie Viars - Di\u00e9t\u00e9ticienne Nutritionniste","description":"","potentialAction":[{"@type":"SearchAction","target":{"@type":"EntryPoint","urlTemplate":"https:\/\/www.nutrition-sante.diet\/site\/?s={search_term_string}"},"query-input":{"@type":"PropertyValueSpecification","valueRequired":true,"valueName":"search_term_string"}}],"inLanguage":"fr-FR"}]}},"_links":{"self":[{"href":"https:\/\/www.nutrition-sante.diet\/site\/wp-json\/wp\/v2\/pages\/695","targetHints":{"allow":["GET"]}}],"collection":[{"href":"https:\/\/www.nutrition-sante.diet\/site\/wp-json\/wp\/v2\/pages"}],"about":[{"href":"https:\/\/www.nutrition-sante.diet\/site\/wp-json\/wp\/v2\/types\/page"}],"author":[{"embeddable":true,"href":"https:\/\/www.nutrition-sante.diet\/site\/wp-json\/wp\/v2\/users\/2"}],"replies":[{"embeddable":true,"href":"https:\/\/www.nutrition-sante.diet\/site\/wp-json\/wp\/v2\/comments?post=695"}],"version-history":[{"count":1,"href":"https:\/\/www.nutrition-sante.diet\/site\/wp-json\/wp\/v2\/pages\/695\/revisions"}],"predecessor-version":[{"id":3842,"href":"https:\/\/www.nutrition-sante.diet\/site\/wp-json\/wp\/v2\/pages\/695\/revisions\/3842"}],"wp:attachment":[{"href":"https:\/\/www.nutrition-sante.diet\/site\/wp-json\/wp\/v2\/media?parent=695"}],"curies":[{"name":"wp","href":"https:\/\/api.w.org\/{rel}","templated":true}]}}