{"id":3778,"date":"2018-01-15T17:09:53","date_gmt":"2018-01-15T16:09:53","guid":{"rendered":"http:\/\/www.nutrition-sante.diet\/site\/?page_id=3778"},"modified":"2018-03-29T15:29:15","modified_gmt":"2018-03-29T13:29:15","slug":"pour-qui","status":"publish","type":"page","link":"https:\/\/www.nutrition-sante.diet\/site\/pour-qui\/","title":{"rendered":"Pour qui ?"},"content":{"rendered":"<div class=\"wpb-content-wrapper\"><p>[vc_row tm_bgcolor=\u00a0\u00bbwhite\u00a0\u00bb break_in_responsive=\u00a0\u00bb991&Prime; css_animation=\u00a0\u00bbfadeInLeft\u00a0\u00bb css=\u00a0\u00bb.vc_custom_1517415078327{padding-top: 0px !important;padding-bottom: 0px !important;background-color: #f2f2f2 !important;}\u00a0\u00bb][vc_column tm_bgcolor=\u00a0\u00bbskincolor\u00a0\u00bb width=\u00a0\u00bb1\/2&Prime; el_class=\u00a0\u00bbwearenutcopr-block\u00a0\u00bb]<h4 style=\"text-align:left;font-size:22px;line-height:32px;color:#ffffff;font-family:'Roboto Slab',Arial,Helvetica;font-weight:700;\" class=\"tm-custom-heading tm-skincolor-bg vc_custom_1518096834109\" >PARCE QUE LA VIE EVOLUE...<\/h4>\n[vc_single_image image=\u00a0\u00bb4194&Prime; img_size=\u00a0\u00bbfull\u00a0\u00bb][\/vc_column][vc_column width=\u00a0\u00bb1\/2&Prime; css=\u00a0\u00bb.vc_custom_1518098637124{padding-top: 40px !important;padding-bottom: 0px !important;padding-left: 40px !important;}\u00a0\u00bb el_class=\u00a0\u00bbpadding-top-0px-991 padding-left-15px-991&Prime;]<ul class=\"tm-list tm-list-style-icon tm-list-icon-color-skincolor tm- tm-icon-skincolor tm-list-textsize- tm-list-icon-library-fontawesome\"><li><i class=\"tm-skincolor fa fa-check-square-o\"><\/i>  <span class=\"tm-list-li-content\">D\u00e9part de la maison, vie de couple, s\u00e9paration<\/span><\/li><li><i class=\"tm-skincolor fa fa-check-square-o\"><\/i>  <span class=\"tm-list-li-content\">Arriv\u00e9e, d\u00e9part des enfants<\/span><\/li><li><i class=\"tm-skincolor fa fa-check-square-o\"><\/i>  <span class=\"tm-list-li-content\">Contraintes professionnelles<\/span><\/li><li><i class=\"tm-skincolor fa fa-check-square-o\"><\/i>  <span class=\"tm-list-li-content\">Maladie, deuil<\/span><\/li><\/ul>[vc_column_text]<span style=\"color: #000000;\">Peu de temps pour vous, moins d\u2019activit\u00e9 physique. Nous construirons ensemble votre <strong>plan alimentaire sur-mesure.<\/strong><\/span>[\/vc_column_text]<ul class=\"tm-list tm-list-style-icon tm-list-icon-color-skincolor tm- tm-icon-skincolor tm-list-textsize- tm-list-icon-library-fontawesome\"><li><i class=\"tm-skincolor fa fa-check-square-o\"><\/i>  <span class=\"tm-list-li-content\">Pr\u00e9cis, \u00e9quilibr\u00e9 et copieux<\/span><\/li><li><i class=\"tm-skincolor fa fa-check-square-o\"><\/i>  <span class=\"tm-list-li-content\">Au plus pr\u00e8s de vos habitudes et de vos go\u00fbts<\/span><\/li><li><i class=\"tm-skincolor fa fa-check-square-o\"><\/i>  <span class=\"tm-list-li-content\">Avec des aliments habituels, sans aucun compl\u00e9ment nutritionnel<\/span><\/li><li><i class=\"tm-skincolor fa fa-check-square-o\"><\/i>  <span class=\"tm-list-li-content\">Parfaitement compatible avec une alimentation familiale et sociale<\/span><\/li><\/ul>[vc_column_text]<span style=\"color: #000000;\"><strong>Pour reprendre les bonnes habitudes dans la dur\u00e9e<\/strong>.<\/span>[\/vc_column_text][\/vc_column][\/vc_row][vc_row tm_bgcolor=\u00a0\u00bbwhite\u00a0\u00bb break_in_responsive=\u00a0\u00bb991&Prime; css_animation=\u00a0\u00bbfadeInRight\u00a0\u00bb css=\u00a0\u00bb.vc_custom_1521716024629{padding-top: 0px !important;padding-bottom: 0px !important;background-color: #e5e5e5 !important;}\u00a0\u00bb][vc_column tm_bgcolor=\u00a0\u00bbskincolor\u00a0\u00bb width=\u00a0\u00bb1\/2&Prime; el_class=\u00a0\u00bbwearenutcopr-block\u00a0\u00bb]<h4 style=\"text-align:left;font-size:22px;line-height:32px;color:#ffffff;font-family:'Roboto Slab',Arial,Helvetica;font-weight:700;\" class=\"tm-custom-heading tm-skincolor-bg vc_custom_1517411933118\" >PATHOLOGIE<\/h4>\n[vc_single_image image=\u00a0\u00bb4195&Prime; img_size=\u00a0\u00bbfull\u00a0\u00bb][\/vc_column][vc_column width=\u00a0\u00bb1\/2&Prime; css=\u00a0\u00bb.vc_custom_1518098643483{padding-top: 50px !important;padding-bottom: 0px !important;padding-left: 40px !important;}\u00a0\u00bb el_class=\u00a0\u00bbpadding-top-0px-991 padding-left-15px-991&Prime;]<ul class=\"tm-list tm-list-style-icon tm-list-icon-color-skincolor tm- tm-icon-skincolor tm-list-textsize- tm-list-icon-library-fontawesome\"><li><i class=\"tm-skincolor fa fa-check-square-o\"><\/i>  <span class=\"tm-list-li-content\">Bilan sanguin perturb\u00e9 (diab\u00e8te, pr\u00e9diab\u00e8te, hypercholest\u00e9rol\u00e9mie\u2026)<\/span><\/li><li><i class=\"tm-skincolor fa fa-check-square-o\"><\/i>  <span class=\"tm-list-li-content\">Syndrome m\u00e9tabolique<\/span><\/li><li><i class=\"tm-skincolor fa fa-check-square-o\"><\/i>  <span class=\"tm-list-li-content\">Surpoids, ob\u00e9sit\u00e9<\/span><\/li><li><i class=\"tm-skincolor fa fa-check-square-o\"><\/i>  <span class=\"tm-list-li-content\">Douleurs articulaires<\/span><\/li><li><i class=\"tm-skincolor fa fa-check-square-o\"><\/i>  <span class=\"tm-list-li-content\">Intol\u00e9rance alimentaire (gluten, lactose\u2026)<\/span><\/li><li><i class=\"tm-skincolor fa fa-check-square-o\"><\/i>  <span class=\"tm-list-li-content\">Pathologie digestive (RGO, colopathie fonctionnelle, RCH\u2026)<\/span><\/li><li><i class=\"tm-skincolor fa fa-check-square-o\"><\/i>  <span class=\"tm-list-li-content\">Pathologie h\u00e9patique (st\u00e9atose, h\u00e9patite\u2026)<\/span><\/li><li><i class=\"tm-skincolor fa fa-check-square-o\"><\/i>  <span class=\"tm-list-li-content\">Crise de goutte<\/span><\/li><\/ul>[vc_column_text]<span style=\"color: #000000;\">Par <strong>l\u2019\u00e9ducation th\u00e9rapeutique<\/strong> vous comprendrez le lien entre votre pathologie, votre alimentation et votre activit\u00e9 physique pour \u00eatre <strong>acteur de votre sant\u00e9<\/strong>. J\u2019informerai r\u00e9guli\u00e8rement votre m\u00e9decin, de notre strat\u00e9gie, de votre ressenti et de vos succ\u00e8s.<\/span>[\/vc_column_text][\/vc_column][\/vc_row][vc_row tm_bgcolor=\u00a0\u00bbwhite\u00a0\u00bb break_in_responsive=\u00a0\u00bb991&Prime; css_animation=\u00a0\u00bbfadeInLeft\u00a0\u00bb css=\u00a0\u00bb.vc_custom_1517415120278{padding-top: 0px !important;padding-bottom: 0px !important;background-color: #f2f2f2 !important;}\u00a0\u00bb][vc_column tm_bgcolor=\u00a0\u00bbskincolor\u00a0\u00bb width=\u00a0\u00bb1\/2&Prime; el_class=\u00a0\u00bbwearenutcopr-block\u00a0\u00bb]<h4 style=\"text-align:left;font-size:22px;line-height:32px;color:#ffffff;font-family:'Roboto Slab',Arial,Helvetica;font-weight:700;\" class=\"tm-custom-heading tm-skincolor-bg vc_custom_1517327646351\" >MODIFICATIONS HORMONALES<\/h4>\n[vc_single_image image=\u00a0\u00bb4143&Prime; img_size=\u00a0\u00bbfull\u00a0\u00bb][\/vc_column][vc_column width=\u00a0\u00bb1\/2&Prime; css=\u00a0\u00bb.vc_custom_1517412167479{padding-top: 100px !important;padding-bottom: 0px !important;padding-left: 40px !important;}\u00a0\u00bb el_class=\u00a0\u00bbpadding-top-0px-991 padding-left-15px-991&Prime;][vc_column_text]<span style=\"color: #000000;\"><strong>A cours de votre vie, de nombreuses variations hormonales malm\u00e8nent votre corps\u2026<\/strong><\/span>[\/vc_column_text]<ul class=\"tm-list tm-list-style-icon tm-list-icon-color-skincolor tm- tm-icon-skincolor tm-list-textsize- tm-list-icon-library-fontawesome\"><li><i class=\"tm-skincolor fa fa-check-square-o\"><\/i>  <span class=\"tm-list-li-content\">Pubert\u00e9<\/span><\/li><li><i class=\"tm-skincolor fa fa-check-square-o\"><\/i>  <span class=\"tm-list-li-content\">Grossesse<\/span><\/li><li><i class=\"tm-skincolor fa fa-check-square-o\"><\/i>  <span class=\"tm-list-li-content\">M\u00e9nopause<\/span><\/li><\/ul>[vc_column_text]<span style=\"color: #000000;\"><strong>&#8230;et pourtant, vous sentir belle \u00e0 tout \u00e2ge est possible\u00a0!<\/strong><\/span>[\/vc_column_text][\/vc_column][\/vc_row][vc_row tm_bgcolor=\u00a0\u00bbwhite\u00a0\u00bb break_in_responsive=\u00a0\u00bb991&Prime; css_animation=\u00a0\u00bbfadeInRight\u00a0\u00bb css=\u00a0\u00bb.vc_custom_1517415176696{padding-top: 0px !important;padding-bottom: 0px !important;background-color: #e5e5e5 !important;}\u00a0\u00bb][vc_column tm_bgcolor=\u00a0\u00bbskincolor\u00a0\u00bb width=\u00a0\u00bb1\/2&Prime; css=\u00a0\u00bb.vc_custom_1517328404770{padding-top: 20px !important;padding-bottom: 0px !important;padding-left: 40px !important;}\u00a0\u00bb el_class=\u00a0\u00bbpadding-top-0px-991 padding-left-15px-991&Prime;]<h4 style=\"text-align:right;font-size:22px;line-height:32px;color:#ffffff;font-family:'Roboto Slab',Arial,Helvetica;font-weight:700;\" class=\"tm-custom-heading tm-skincolor-bg vc_custom_1517412446644\" >BIEN GRANDIR<\/h4>\n[vc_single_image image=\u00a0\u00bb4002&Prime; img_size=\u00a0\u00bbfull\u00a0\u00bb][\/vc_column][vc_column width=\u00a0\u00bb1\/2&Prime; el_class=\u00a0\u00bbwearenutcopr-block\u00a0\u00bb css=\u00a0\u00bb.vc_custom_1518098679012{padding-top: 80px !important;padding-left: 40px !important;}\u00a0\u00bb][vc_column_text css=\u00a0\u00bb.vc_custom_1518098171959{padding-top: 30px !important;}\u00a0\u00bb]<span style=\"color: #000000;\">Membre du r\u00e9seau REPOP<\/span> (R\u00e9seau de Pr\u00e9vention et de Prise en charge de l\u2019Ob\u00e9sit\u00e9 de l\u2019Enfant)<span style=\"color: #000000;\">, je b\u00e9n\u00e9ficie d\u2019une formation continue sur la prise en charge sp\u00e9cifique des enfants et adolescents.<\/span><\/p>\n<p><span style=\"color: #000000;\">J\u2019utilise des outils informatiques qui permettent de d\u00e9terminer avec l\u2019enfant et ses parents des <strong>objectifs r\u00e9alisables et stimulants.<\/strong><\/span><\/p>\n<p><span style=\"color: #000000;\">Nous construirons ensemble un<strong> plan alimentaire personnalis\u00e9<\/strong>\u00a0pour bien manger et bien grandir.<\/span>[\/vc_column_text][\/vc_column][\/vc_row][vc_row tm_bgcolor=\u00a0\u00bbwhite\u00a0\u00bb break_in_responsive=\u00a0\u00bb991&Prime; css_animation=\u00a0\u00bbfadeInLeft\u00a0\u00bb css=\u00a0\u00bb.vc_custom_1521716100562{padding-top: 0px !important;padding-bottom: 0px !important;background-color: #f2f2f2 !important;}\u00a0\u00bb][vc_column tm_bgcolor=\u00a0\u00bbskincolor\u00a0\u00bb width=\u00a0\u00bb1\/2&Prime; css=\u00a0\u00bb.vc_custom_1517328190794{padding-top: 20px !important;padding-bottom: 0px !important;padding-left: 40px !important;}\u00a0\u00bb el_class=\u00a0\u00bbpadding-top-0px-991 padding-left-15px-991&Prime;]<h4 style=\"text-align:right;font-size:22px;line-height:32px;color:#ffffff;font-family:'Roboto Slab',Arial,Helvetica;font-weight:700;\" class=\"tm-custom-heading tm-skincolor-bg vc_custom_1517328357070\" >SPORT<\/h4>\n[vc_single_image image=\u00a0\u00bb3968&Prime; img_size=\u00a0\u00bbfull\u00a0\u00bb][\/vc_column][vc_column width=\u00a0\u00bb1\/2&Prime; el_class=\u00a0\u00bbwearenutcopr-block\u00a0\u00bb css=\u00a0\u00bb.vc_custom_1518098695412{padding-top: 80px !important;padding-left: 40px !important;}\u00a0\u00bb][vc_column_text]<span style=\"color: #000000;\">Mon DU de nutrition et sport me permet d\u2019ajuster votre alimentation \u00e0 vos besoins nutritionnels.<\/span>[\/vc_column_text]<ul class=\"tm-list tm-list-style-icon tm-list-icon-color-skincolor tm- tm-icon-skincolor tm-list-textsize- tm-list-icon-library-fontawesome\"><li><i class=\"tm-skincolor fa fa-check-square-o\"><\/i>  <span class=\"tm-list-li-content\">Pour pr\u00e9parer une \u00e9preuve sportive (marathon, triathlon\u2026)<\/span><\/li><li><i class=\"tm-skincolor fa fa-check-square-o\"><\/i>  <span class=\"tm-list-li-content\">Pour am\u00e9liorer votre performance <\/span><\/li><li><i class=\"tm-skincolor fa fa-check-square-o\"><\/i>  <span class=\"tm-list-li-content\">Pour vous guider dans votre retraite sportive<\/span><\/li><\/ul>[\/vc_column][\/vc_row][vc_row tm_bgcolor=\u00a0\u00bbwhite\u00a0\u00bb break_in_responsive=\u00a0\u00bb991&Prime; css_animation=\u00a0\u00bbfadeInRight\u00a0\u00bb css=\u00a0\u00bb.vc_custom_1517415142193{padding-top: 0px !important;padding-bottom: 0px !important;background-color: #e5e5e5 !important;}\u00a0\u00bb][vc_column tm_bgcolor=\u00a0\u00bbskincolor\u00a0\u00bb width=\u00a0\u00bb1\/2&Prime; css=\u00a0\u00bb.vc_custom_1517328404770{padding-top: 20px !important;padding-bottom: 0px !important;padding-left: 40px !important;}\u00a0\u00bb el_class=\u00a0\u00bbpadding-top-0px-991 padding-left-15px-991&Prime;]<h4 style=\"text-align:right;font-size:22px;line-height:32px;color:#ffffff;font-family:'Roboto Slab',Arial,Helvetica;font-weight:700;\" class=\"tm-custom-heading tm-skincolor-bg vc_custom_1517328477715\" >ARR\u00caT DU TABAC<\/h4>\n[vc_single_image image=\u00a0\u00bb3972&Prime; img_size=\u00a0\u00bbfull\u00a0\u00bb][\/vc_column][vc_column width=\u00a0\u00bb1\/2&Prime; el_class=\u00a0\u00bbwearenutcopr-block\u00a0\u00bb css=\u00a0\u00bb.vc_custom_1518098707131{padding-top: 80px !important;padding-left: 40px !important;}\u00a0\u00bb][vc_column_text]<span style=\"color: #000000;\">Vous avez arr\u00eat\u00e9 de fumer. Bravo\u00a0! <\/span><span style=\"color: #000000;\">Le plus difficile est pass\u00e9\u00a0! <\/span><\/p>\n<p><span style=\"color: #000000;\"><strong>Maintenant, chasse aux kilos\u00a0!<\/strong><\/span>[\/vc_column_text][\/vc_column][\/vc_row][vc_row tm_bgcolor=\u00a0\u00bbwhite\u00a0\u00bb break_in_responsive=\u00a0\u00bb991&Prime; css_animation=\u00a0\u00bbfadeInLeft\u00a0\u00bb css=\u00a0\u00bb.vc_custom_1517415219801{padding-top: 0px !important;padding-bottom: 0px !important;background-color: #f2f2f2 !important;}\u00a0\u00bb][vc_column tm_bgcolor=\u00a0\u00bbskincolor\u00a0\u00bb width=\u00a0\u00bb1\/2&Prime; el_class=\u00a0\u00bbwearenutcopr-block\u00a0\u00bb]<h4 style=\"text-align:left;font-size:22px;line-height:32px;color:#ffffff;font-family:'Roboto Slab',Arial,Helvetica;font-weight:700;\" class=\"tm-custom-heading tm-skincolor-bg vc_custom_1517412910853\" >BIEN-\u00caTRE \/ \u00c9QUILIBRE<\/h4>\n[vc_single_image image=\u00a0\u00bb4197&Prime; img_size=\u00a0\u00bbfull\u00a0\u00bb][\/vc_column][vc_column width=\u00a0\u00bb1\/2&Prime; css=\u00a0\u00bb.vc_custom_1517412994369{padding-top: 100px !important;padding-bottom: 0px !important;padding-left: 40px !important;}\u00a0\u00bb el_class=\u00a0\u00bbpadding-top-0px-991 padding-left-15px-991&Prime;][vc_column_text]<strong><span style=\"color: #000000;\">Les chahuts de la vie ont des r\u00e9percussions sur notre corps et notre bien-\u00eatre.<\/span><\/strong>[\/vc_column_text]<ul class=\"tm-list tm-list-style-icon tm-list-icon-color-skincolor tm- tm-icon-skincolor tm-list-textsize- tm-list-icon-library-fontawesome\"><li><i class=\"tm-skincolor fa fa-check-square-o\"><\/i>  <span class=\"tm-list-li-content\">Pas de temps pour m\u2019occuper de moi<\/span><\/li><li><i class=\"tm-skincolor fa fa-check-square-o\"><\/i>  <span class=\"tm-list-li-content\">Pas envie de cuisiner<\/span><\/li><li><i class=\"tm-skincolor fa fa-check-square-o\"><\/i>  <span class=\"tm-list-li-content\">Pas d\u2019\u00e9nergie pour bouger...<\/span><\/li><li><i class=\"tm-skincolor fa fa-check-square-o\"><\/i>  <span class=\"tm-list-li-content\">Le shopping est devenu une torture\u2026 <\/span><\/li><li><i class=\"tm-skincolor fa fa-check-square-o\"><\/i>  <span class=\"tm-list-li-content\">Les relations avec mon entourage en p\u00e2tissent<\/span><\/li><\/ul>[vc_column_text]<span style=\"color: #000000;\">Ce n\u2019est pas une fatalit\u00e9. Accompagn\u00e9e, je reprends le contr\u00f4le. Le plus souvent, des petits virages suffisent pour retrouver \u00e9quilibre, confiance et estime de soi.<\/span><\/p>\n<p><span style=\"color: #000000;\"><strong>Bien dans mon corps, mieux dans ma vie\u2026 c\u2019est possible<\/strong>.<\/span>[\/vc_column_text][\/vc_column][\/vc_row]<\/p>\n<\/div>","protected":false},"excerpt":{"rendered":"<p>[vc_row tm_bgcolor=\u00a0\u00bbwhite\u00a0\u00bb break_in_responsive=\u00a0\u00bb991&Prime; css_animation=\u00a0\u00bbfadeInLeft\u00a0\u00bb css=\u00a0\u00bb.vc_custom_1517415078327{padding-top: 0px !important;padding-bottom: 0px !important;background-color: #f2f2f2 !important;}\u00a0\u00bb][vc_column tm_bgcolor=\u00a0\u00bbskincolor\u00a0\u00bb width=\u00a0\u00bb1\/2&Prime; el_class=\u00a0\u00bbwearenutcopr-block\u00a0\u00bb][vc_single_image image=\u00a0\u00bb4194&Prime; img_size=\u00a0\u00bbfull\u00a0\u00bb][\/vc_column][vc_column width=\u00a0\u00bb1\/2&Prime; css=\u00a0\u00bb.vc_custom_1518098637124{padding-top: 40px !important;padding-bottom: 0px !important;padding-left: 40px !important;}\u00a0\u00bb el_class=\u00a0\u00bbpadding-top-0px-991 padding-left-15px-991&Prime;][vc_column_text]Peu de temps pour vous, moins d\u2019activit\u00e9 physique. Nous construirons ensemble votre plan alimentaire sur-mesure.[\/vc_column_text][vc_column_text]Pour reprendre les bonnes habitudes dans la dur\u00e9e.[\/vc_column_text][\/vc_column][\/vc_row][vc_row tm_bgcolor=\u00a0\u00bbwhite\u00a0\u00bb break_in_responsive=\u00a0\u00bb991&Prime; css_animation=\u00a0\u00bbfadeInRight\u00a0\u00bb css=\u00a0\u00bb.vc_custom_1521716024629{padding-top: 0px !important;padding-bottom: 0px !important;background-color: &hellip; <a href=\"https:\/\/www.nutrition-sante.diet\/site\/pour-qui\/\" class=\"more-link\">Continue reading <span class=\"screen-reader-text\">Pour qui ?<\/span><\/a><\/p>\n","protected":false},"author":2,"featured_media":0,"parent":0,"menu_order":0,"comment_status":"closed","ping_status":"closed","template":"","meta":{"footnotes":""},"class_list":["post-3778","page","type-page","status-publish","hentry"],"yoast_head":"<!-- This site is optimized with the Yoast SEO plugin v27.2 - https:\/\/yoast.com\/product\/yoast-seo-wordpress\/ -->\n<title>Pour qui ? - Sophie Viars - Di\u00e9t\u00e9ticienne Nutritionniste<\/title>\n<meta name=\"robots\" content=\"index, follow, max-snippet:-1, max-image-preview:large, max-video-preview:-1\" \/>\n<link rel=\"canonical\" href=\"https:\/\/www.nutrition-sante.diet\/site\/pour-qui\/\" \/>\n<meta property=\"og:locale\" content=\"fr_FR\" \/>\n<meta property=\"og:type\" content=\"article\" \/>\n<meta property=\"og:title\" content=\"Pour qui ? - Sophie Viars - Di\u00e9t\u00e9ticienne Nutritionniste\" \/>\n<meta property=\"og:description\" content=\"[vc_row tm_bgcolor=\u00a0\u00bbwhite\u00a0\u00bb break_in_responsive=\u00a0\u00bb991&Prime; css_animation=\u00a0\u00bbfadeInLeft\u00a0\u00bb css=\u00a0\u00bb.vc_custom_1517415078327{padding-top: 0px !important;padding-bottom: 0px !important;background-color: #f2f2f2 !important;}\u00a0\u00bb][vc_column tm_bgcolor=\u00a0\u00bbskincolor\u00a0\u00bb width=\u00a0\u00bb1\/2&Prime; el_class=\u00a0\u00bbwearenutcopr-block\u00a0\u00bb][vc_single_image image=\u00a0\u00bb4194&Prime; img_size=\u00a0\u00bbfull\u00a0\u00bb][\/vc_column][vc_column width=\u00a0\u00bb1\/2&Prime; css=\u00a0\u00bb.vc_custom_1518098637124{padding-top: 40px !important;padding-bottom: 0px !important;padding-left: 40px !important;}\u00a0\u00bb el_class=\u00a0\u00bbpadding-top-0px-991 padding-left-15px-991&Prime;][vc_column_text]Peu de temps pour vous, moins d\u2019activit\u00e9 physique. Nous construirons ensemble votre plan alimentaire sur-mesure.[\/vc_column_text][vc_column_text]Pour reprendre les bonnes habitudes dans la dur\u00e9e.[\/vc_column_text][\/vc_column][\/vc_row][vc_row tm_bgcolor=\u00a0\u00bbwhite\u00a0\u00bb break_in_responsive=\u00a0\u00bb991&Prime; css_animation=\u00a0\u00bbfadeInRight\u00a0\u00bb css=\u00a0\u00bb.vc_custom_1521716024629{padding-top: 0px !important;padding-bottom: 0px !important;background-color: &hellip; Continue reading Pour qui ?\" \/>\n<meta property=\"og:url\" content=\"https:\/\/www.nutrition-sante.diet\/site\/pour-qui\/\" \/>\n<meta property=\"og:site_name\" content=\"Sophie Viars - Di\u00e9t\u00e9ticienne Nutritionniste\" \/>\n<meta property=\"article:modified_time\" content=\"2018-03-29T13:29:15+00:00\" \/>\n<meta name=\"twitter:card\" content=\"summary_large_image\" \/>\n<meta name=\"twitter:label1\" content=\"Dur\u00e9e de lecture estim\u00e9e\" \/>\n\t<meta name=\"twitter:data1\" content=\"7 minutes\" \/>\n<script type=\"application\/ld+json\" class=\"yoast-schema-graph\">{\"@context\":\"https:\/\/schema.org\",\"@graph\":[{\"@type\":\"WebPage\",\"@id\":\"https:\/\/www.nutrition-sante.diet\/site\/pour-qui\/\",\"url\":\"https:\/\/www.nutrition-sante.diet\/site\/pour-qui\/\",\"name\":\"Pour qui ? - Sophie Viars - Di\u00e9t\u00e9ticienne Nutritionniste\",\"isPartOf\":{\"@id\":\"https:\/\/www.nutrition-sante.diet\/site\/#website\"},\"datePublished\":\"2018-01-15T16:09:53+00:00\",\"dateModified\":\"2018-03-29T13:29:15+00:00\",\"breadcrumb\":{\"@id\":\"https:\/\/www.nutrition-sante.diet\/site\/pour-qui\/#breadcrumb\"},\"inLanguage\":\"fr-FR\",\"potentialAction\":[{\"@type\":\"ReadAction\",\"target\":[\"https:\/\/www.nutrition-sante.diet\/site\/pour-qui\/\"]}]},{\"@type\":\"BreadcrumbList\",\"@id\":\"https:\/\/www.nutrition-sante.diet\/site\/pour-qui\/#breadcrumb\",\"itemListElement\":[{\"@type\":\"ListItem\",\"position\":1,\"name\":\"Accueil\",\"item\":\"https:\/\/www.nutrition-sante.diet\/site\/\"},{\"@type\":\"ListItem\",\"position\":2,\"name\":\"Pour qui ?\"}]},{\"@type\":\"WebSite\",\"@id\":\"https:\/\/www.nutrition-sante.diet\/site\/#website\",\"url\":\"https:\/\/www.nutrition-sante.diet\/site\/\",\"name\":\"Sophie Viars - Di\u00e9t\u00e9ticienne Nutritionniste\",\"description\":\"\",\"potentialAction\":[{\"@type\":\"SearchAction\",\"target\":{\"@type\":\"EntryPoint\",\"urlTemplate\":\"https:\/\/www.nutrition-sante.diet\/site\/?s={search_term_string}\"},\"query-input\":{\"@type\":\"PropertyValueSpecification\",\"valueRequired\":true,\"valueName\":\"search_term_string\"}}],\"inLanguage\":\"fr-FR\"}]}<\/script>\n<!-- \/ Yoast SEO plugin. -->","yoast_head_json":{"title":"Pour qui ? - Sophie Viars - Di\u00e9t\u00e9ticienne Nutritionniste","robots":{"index":"index","follow":"follow","max-snippet":"max-snippet:-1","max-image-preview":"max-image-preview:large","max-video-preview":"max-video-preview:-1"},"canonical":"https:\/\/www.nutrition-sante.diet\/site\/pour-qui\/","og_locale":"fr_FR","og_type":"article","og_title":"Pour qui ? - Sophie Viars - Di\u00e9t\u00e9ticienne Nutritionniste","og_description":"[vc_row tm_bgcolor=\u00a0\u00bbwhite\u00a0\u00bb break_in_responsive=\u00a0\u00bb991&Prime; css_animation=\u00a0\u00bbfadeInLeft\u00a0\u00bb css=\u00a0\u00bb.vc_custom_1517415078327{padding-top: 0px !important;padding-bottom: 0px !important;background-color: #f2f2f2 !important;}\u00a0\u00bb][vc_column tm_bgcolor=\u00a0\u00bbskincolor\u00a0\u00bb width=\u00a0\u00bb1\/2&Prime; el_class=\u00a0\u00bbwearenutcopr-block\u00a0\u00bb][vc_single_image image=\u00a0\u00bb4194&Prime; img_size=\u00a0\u00bbfull\u00a0\u00bb][\/vc_column][vc_column width=\u00a0\u00bb1\/2&Prime; css=\u00a0\u00bb.vc_custom_1518098637124{padding-top: 40px !important;padding-bottom: 0px !important;padding-left: 40px !important;}\u00a0\u00bb el_class=\u00a0\u00bbpadding-top-0px-991 padding-left-15px-991&Prime;][vc_column_text]Peu de temps pour vous, moins d\u2019activit\u00e9 physique. Nous construirons ensemble votre plan alimentaire sur-mesure.[\/vc_column_text][vc_column_text]Pour reprendre les bonnes habitudes dans la dur\u00e9e.[\/vc_column_text][\/vc_column][\/vc_row][vc_row tm_bgcolor=\u00a0\u00bbwhite\u00a0\u00bb break_in_responsive=\u00a0\u00bb991&Prime; css_animation=\u00a0\u00bbfadeInRight\u00a0\u00bb css=\u00a0\u00bb.vc_custom_1521716024629{padding-top: 0px !important;padding-bottom: 0px !important;background-color: &hellip; Continue reading Pour qui ?","og_url":"https:\/\/www.nutrition-sante.diet\/site\/pour-qui\/","og_site_name":"Sophie Viars - Di\u00e9t\u00e9ticienne Nutritionniste","article_modified_time":"2018-03-29T13:29:15+00:00","twitter_card":"summary_large_image","twitter_misc":{"Dur\u00e9e de lecture estim\u00e9e":"7 minutes"},"schema":{"@context":"https:\/\/schema.org","@graph":[{"@type":"WebPage","@id":"https:\/\/www.nutrition-sante.diet\/site\/pour-qui\/","url":"https:\/\/www.nutrition-sante.diet\/site\/pour-qui\/","name":"Pour qui ? - Sophie Viars - Di\u00e9t\u00e9ticienne Nutritionniste","isPartOf":{"@id":"https:\/\/www.nutrition-sante.diet\/site\/#website"},"datePublished":"2018-01-15T16:09:53+00:00","dateModified":"2018-03-29T13:29:15+00:00","breadcrumb":{"@id":"https:\/\/www.nutrition-sante.diet\/site\/pour-qui\/#breadcrumb"},"inLanguage":"fr-FR","potentialAction":[{"@type":"ReadAction","target":["https:\/\/www.nutrition-sante.diet\/site\/pour-qui\/"]}]},{"@type":"BreadcrumbList","@id":"https:\/\/www.nutrition-sante.diet\/site\/pour-qui\/#breadcrumb","itemListElement":[{"@type":"ListItem","position":1,"name":"Accueil","item":"https:\/\/www.nutrition-sante.diet\/site\/"},{"@type":"ListItem","position":2,"name":"Pour qui ?"}]},{"@type":"WebSite","@id":"https:\/\/www.nutrition-sante.diet\/site\/#website","url":"https:\/\/www.nutrition-sante.diet\/site\/","name":"Sophie Viars - Di\u00e9t\u00e9ticienne Nutritionniste","description":"","potentialAction":[{"@type":"SearchAction","target":{"@type":"EntryPoint","urlTemplate":"https:\/\/www.nutrition-sante.diet\/site\/?s={search_term_string}"},"query-input":{"@type":"PropertyValueSpecification","valueRequired":true,"valueName":"search_term_string"}}],"inLanguage":"fr-FR"}]}},"_links":{"self":[{"href":"https:\/\/www.nutrition-sante.diet\/site\/wp-json\/wp\/v2\/pages\/3778","targetHints":{"allow":["GET"]}}],"collection":[{"href":"https:\/\/www.nutrition-sante.diet\/site\/wp-json\/wp\/v2\/pages"}],"about":[{"href":"https:\/\/www.nutrition-sante.diet\/site\/wp-json\/wp\/v2\/types\/page"}],"author":[{"embeddable":true,"href":"https:\/\/www.nutrition-sante.diet\/site\/wp-json\/wp\/v2\/users\/2"}],"replies":[{"embeddable":true,"href":"https:\/\/www.nutrition-sante.diet\/site\/wp-json\/wp\/v2\/comments?post=3778"}],"version-history":[{"count":123,"href":"https:\/\/www.nutrition-sante.diet\/site\/wp-json\/wp\/v2\/pages\/3778\/revisions"}],"predecessor-version":[{"id":3787,"href":"https:\/\/www.nutrition-sante.diet\/site\/wp-json\/wp\/v2\/pages\/3778\/revisions\/3787"}],"wp:attachment":[{"href":"https:\/\/www.nutrition-sante.diet\/site\/wp-json\/wp\/v2\/media?parent=3778"}],"curies":[{"name":"wp","href":"https:\/\/api.w.org\/{rel}","templated":true}]}}