{"id":3750,"date":"2018-01-15T16:23:52","date_gmt":"2018-01-15T15:23:52","guid":{"rendered":"http:\/\/www.nutrition-sante.diet\/site\/?page_id=3750"},"modified":"2018-03-27T17:40:04","modified_gmt":"2018-03-27T15:40:04","slug":"presentation","status":"publish","type":"page","link":"https:\/\/www.nutrition-sante.diet\/site\/presentation\/","title":{"rendered":"Pr\u00e9sentation"},"content":{"rendered":"<div class=\"wpb-content-wrapper\"><p>[vc_row tm_bgcolor=\u00a0\u00bbwhite\u00a0\u00bb break_in_responsive=\u00a0\u00bb991&Prime; css=\u00a0\u00bb.vc_custom_1516348009608{padding-top: 0px !important;padding-bottom: 0px !important;}\u00a0\u00bb][vc_column width=\u00a0\u00bb1\/3&Prime; el_class=\u00a0\u00bbwearenutcopr-block\u00a0\u00bb]<h4 style=\"text-align:left;font-size:22px;line-height:32px;color:#ffffff;font-family:'Roboto Slab',Arial,Helvetica;font-weight:700;\" class=\"tm-custom-heading tm-skincolor-bg vc_custom_1516030378409\" >Qui suis-je ?<\/h4>\n[vc_single_image image=\u00a0\u00bb4175&Prime; img_size=\u00a0\u00bbfull\u00a0\u00bb][\/vc_column][vc_column width=\u00a0\u00bb2\/3&Prime; css=\u00a0\u00bb.vc_custom_1513242560484{padding-top: 80px !important;padding-bottom: 80px !important;padding-left: 40px !important;}\u00a0\u00bb el_class=\u00a0\u00bbpadding-top-0px-991 padding-left-15px-991&Prime;]<div class=\"tm-element-heading-wrapper tm-heading-inner tm-element-align-left tm-seperator-solid tm-heading-style-vertical \"><section class=\"tm-vc_cta3-container\"><div class=\"tm-vc_general tm-vc_cta3 tm-cta3-only tm-vc_cta3-style-classic tm-vc_cta3-shape-rounded tm-vc_cta3-align-left tm-vc_cta3-color-transparent tm-vc_cta3-icon-size-md tm-vc_cta3-actions-no tm-cta3-without-desc\"><div class=\"tm-vc_cta3_content-container\"><div class=\"tm-vc_cta3-content\"><header class=\"tm-vc_cta3-content-header tm-wrap\"><div class=\"tm-vc_cta3-headers tm-wrap-cell\"><h4 style=\"color:#627697;\" class=\"tm-custom-heading tm-skincolor \" >Di\u00e9t\u00e9ticienne Nutritionniste<\/h4>\n<h2 class=\"tm-custom-heading \" >Sophie Viars<\/h2>\n<\/div><div class=\"heading-seperator\"><span><\/span><\/div><\/header><\/div><\/div><\/div><\/section><\/div> <!-- .tm-element-heading-wrapper container --> [vc_column_text]<strong>Ma formation de chimiste et 15 ann\u00e9es dans l\u2019industrie pharmaceutique m\u2019ont fait prendre conscience que notre sant\u00e9 est conditionn\u00e9e par une vie saine et \u00e9quilibr\u00e9e.<\/strong><\/p>\n<p>Mon dipl\u00f4me de di\u00e9t\u00e9ticienne-nutritionniste compl\u00e9t\u00e9 par un DU de nutrition appliqu\u00e9e au sport et \u00e0 l\u2019activit\u00e9 physique (Facult\u00e9 de m\u00e9decine de Toulouse) m\u2019ont convaincue que nutrition, activit\u00e9 physique et sant\u00e9 sont indissociables.<\/p>\n<p>Nous \u00e9laborerons ensemble un plan alimentaire \u00e9quilibr\u00e9 sur-mesure pour atteindre votre objectif. Je vous accompagnerai pour cr\u00e9er une cuisine facile, rapide, conviviale et gourmande pour changer vos habitudes dans la dur\u00e9e.<\/p>\n<div class=\"tm-last-sep-none\"><div class=\"kwayy-social-links-wrapper\"><ul class=\"social-icons\"><li class=\"tm-social-linkedin\"><a class=\" tooltip-top\" target=\"_blank\" href=\"https:\/\/fr.linkedin.com\/in\/sophie-viars-2bbab47\/fr\" data-tooltip=\"LinkedIn\"><i class=\"tm-nutricorp-icon-linkedin\"><\/i><\/a><\/li>\n<\/ul><\/div><\/div>\n<p>[\/vc_column_text]<div class=\"tm-element-heading-wrapper tm-heading-inner tm-element-align-center tm-seperator-solid tm-heading-style-vertical  vc_custom_1522155053603  wpb_animate_when_almost_visible wpb_bounceInDown bounceInDown\"><section class=\"tm-vc_cta3-container\"><div class=\"tm-vc_general tm-vc_cta3 tm-cta3-only tm-vc_cta3-style-classic tm-vc_cta3-shape-rounded tm-vc_cta3-align-center tm-vc_cta3-color-transparent tm-vc_cta3-icon-size-md tm-vc_cta3-actions-no tm-cta3-without-desc\"><div class=\"tm-vc_cta3_content-container\"><div class=\"tm-vc_cta3-content\"><header class=\"tm-vc_cta3-content-header tm-wrap\"><div class=\"tm-vc_cta3-headers tm-wrap-cell\"><h2 style=\"color:#5ea857;\" class=\"tm-custom-heading \" >Vous accompagner pour atteindre, ensemble, votre objectif<\/h2>\n<\/div><div class=\"heading-seperator\"><span><\/span><\/div><\/header><\/div><\/div><\/div><\/section><\/div> <!-- .tm-element-heading-wrapper container --> <h4 style=\"text-align:left;color:#000000;\" class=\"tm-custom-heading vc_custom_1517308063877\" >Formation<\/h4>\n<ul class=\"tm-list tm-list-style-icon tm-list-icon-color-skincolor tm- tm-icon-skincolor tm-list-textsize- tm-list-icon-library-fontawesome\"><li><i class=\"tm-skincolor fa fa-check-square-o\"><\/i>  <span class=\"tm-list-li-content\">BTS Di\u00e9t\u00e9tique<\/span><\/li><li><i class=\"tm-skincolor fa fa-check-square-o\"><\/i>  <span class=\"tm-list-li-content\">DU Nutrition appliqu\u00e9e \u00e0 l\u2019activit\u00e9 physique et au sport (Facult\u00e9 de m\u00e9decine de TOULOUSE)<\/span><\/li><li><i class=\"tm-skincolor fa fa-check-square-o\"><\/i>  <span class=\"tm-list-li-content\">Master 2 de pharmacie industrielle (Universit\u00e9 de Pharmacie \u2013 LYON)<\/span><\/li><li><i class=\"tm-skincolor fa fa-check-square-o\"><\/i>  <span class=\"tm-list-li-content\">Master 1 de Chimie (universit\u00e9 Paul Sabatier \u2013 TOULOUSE)<\/span><\/li><\/ul>[\/vc_column][\/vc_row]<\/p>\n<\/div>","protected":false},"excerpt":{"rendered":"<p>[vc_row tm_bgcolor=\u00a0\u00bbwhite\u00a0\u00bb break_in_responsive=\u00a0\u00bb991&Prime; css=\u00a0\u00bb.vc_custom_1516348009608{padding-top: 0px !important;padding-bottom: 0px !important;}\u00a0\u00bb][vc_column width=\u00a0\u00bb1\/3&Prime; el_class=\u00a0\u00bbwearenutcopr-block\u00a0\u00bb][vc_single_image image=\u00a0\u00bb4175&Prime; img_size=\u00a0\u00bbfull\u00a0\u00bb][\/vc_column][vc_column width=\u00a0\u00bb2\/3&Prime; css=\u00a0\u00bb.vc_custom_1513242560484{padding-top: 80px !important;padding-bottom: 80px !important;padding-left: 40px !important;}\u00a0\u00bb el_class=\u00a0\u00bbpadding-top-0px-991 padding-left-15px-991&Prime;][vc_column_text]Ma formation de chimiste et 15 ann\u00e9es dans l\u2019industrie pharmaceutique m\u2019ont fait prendre conscience que notre sant\u00e9 est conditionn\u00e9e par une vie saine et \u00e9quilibr\u00e9e. Mon dipl\u00f4me de di\u00e9t\u00e9ticienne-nutritionniste compl\u00e9t\u00e9 par un DU de &hellip; <a href=\"https:\/\/www.nutrition-sante.diet\/site\/presentation\/\" class=\"more-link\">Continue reading <span class=\"screen-reader-text\">Pr\u00e9sentation<\/span><\/a><\/p>\n","protected":false},"author":2,"featured_media":0,"parent":0,"menu_order":0,"comment_status":"closed","ping_status":"closed","template":"","meta":{"footnotes":""},"class_list":["post-3750","page","type-page","status-publish","hentry"],"yoast_head":"<!-- This site is optimized with the Yoast SEO plugin v27.2 - https:\/\/yoast.com\/product\/yoast-seo-wordpress\/ -->\n<title>Pr\u00e9sentation - Sophie Viars - Di\u00e9t\u00e9ticienne Nutritionniste<\/title>\n<meta name=\"robots\" content=\"index, follow, max-snippet:-1, max-image-preview:large, max-video-preview:-1\" \/>\n<link rel=\"canonical\" href=\"https:\/\/www.nutrition-sante.diet\/site\/presentation\/\" \/>\n<meta property=\"og:locale\" content=\"fr_FR\" \/>\n<meta property=\"og:type\" content=\"article\" \/>\n<meta property=\"og:title\" content=\"Pr\u00e9sentation - Sophie Viars - Di\u00e9t\u00e9ticienne Nutritionniste\" \/>\n<meta property=\"og:description\" content=\"[vc_row tm_bgcolor=\u00a0\u00bbwhite\u00a0\u00bb break_in_responsive=\u00a0\u00bb991&Prime; css=\u00a0\u00bb.vc_custom_1516348009608{padding-top: 0px !important;padding-bottom: 0px !important;}\u00a0\u00bb][vc_column width=\u00a0\u00bb1\/3&Prime; el_class=\u00a0\u00bbwearenutcopr-block\u00a0\u00bb][vc_single_image image=\u00a0\u00bb4175&Prime; img_size=\u00a0\u00bbfull\u00a0\u00bb][\/vc_column][vc_column width=\u00a0\u00bb2\/3&Prime; css=\u00a0\u00bb.vc_custom_1513242560484{padding-top: 80px !important;padding-bottom: 80px !important;padding-left: 40px !important;}\u00a0\u00bb el_class=\u00a0\u00bbpadding-top-0px-991 padding-left-15px-991&Prime;][vc_column_text]Ma formation de chimiste et 15 ann\u00e9es dans l\u2019industrie pharmaceutique m\u2019ont fait prendre conscience que notre sant\u00e9 est conditionn\u00e9e par une vie saine et \u00e9quilibr\u00e9e. Mon dipl\u00f4me de di\u00e9t\u00e9ticienne-nutritionniste compl\u00e9t\u00e9 par un DU de &hellip; Continue reading Pr\u00e9sentation\" \/>\n<meta property=\"og:url\" content=\"https:\/\/www.nutrition-sante.diet\/site\/presentation\/\" \/>\n<meta property=\"og:site_name\" content=\"Sophie Viars - Di\u00e9t\u00e9ticienne Nutritionniste\" \/>\n<meta property=\"article:modified_time\" content=\"2018-03-27T15:40:04+00:00\" \/>\n<meta name=\"twitter:card\" content=\"summary_large_image\" \/>\n<meta name=\"twitter:label1\" content=\"Dur\u00e9e de lecture estim\u00e9e\" \/>\n\t<meta name=\"twitter:data1\" content=\"2 minutes\" \/>\n<script type=\"application\/ld+json\" class=\"yoast-schema-graph\">{\"@context\":\"https:\/\/schema.org\",\"@graph\":[{\"@type\":\"WebPage\",\"@id\":\"https:\/\/www.nutrition-sante.diet\/site\/presentation\/\",\"url\":\"https:\/\/www.nutrition-sante.diet\/site\/presentation\/\",\"name\":\"Pr\u00e9sentation - Sophie Viars - Di\u00e9t\u00e9ticienne Nutritionniste\",\"isPartOf\":{\"@id\":\"https:\/\/www.nutrition-sante.diet\/site\/#website\"},\"datePublished\":\"2018-01-15T15:23:52+00:00\",\"dateModified\":\"2018-03-27T15:40:04+00:00\",\"breadcrumb\":{\"@id\":\"https:\/\/www.nutrition-sante.diet\/site\/presentation\/#breadcrumb\"},\"inLanguage\":\"fr-FR\",\"potentialAction\":[{\"@type\":\"ReadAction\",\"target\":[\"https:\/\/www.nutrition-sante.diet\/site\/presentation\/\"]}]},{\"@type\":\"BreadcrumbList\",\"@id\":\"https:\/\/www.nutrition-sante.diet\/site\/presentation\/#breadcrumb\",\"itemListElement\":[{\"@type\":\"ListItem\",\"position\":1,\"name\":\"Accueil\",\"item\":\"https:\/\/www.nutrition-sante.diet\/site\/\"},{\"@type\":\"ListItem\",\"position\":2,\"name\":\"Pr\u00e9sentation\"}]},{\"@type\":\"WebSite\",\"@id\":\"https:\/\/www.nutrition-sante.diet\/site\/#website\",\"url\":\"https:\/\/www.nutrition-sante.diet\/site\/\",\"name\":\"Sophie Viars - Di\u00e9t\u00e9ticienne Nutritionniste\",\"description\":\"\",\"potentialAction\":[{\"@type\":\"SearchAction\",\"target\":{\"@type\":\"EntryPoint\",\"urlTemplate\":\"https:\/\/www.nutrition-sante.diet\/site\/?s={search_term_string}\"},\"query-input\":{\"@type\":\"PropertyValueSpecification\",\"valueRequired\":true,\"valueName\":\"search_term_string\"}}],\"inLanguage\":\"fr-FR\"}]}<\/script>\n<!-- \/ Yoast SEO plugin. -->","yoast_head_json":{"title":"Pr\u00e9sentation - Sophie Viars - Di\u00e9t\u00e9ticienne Nutritionniste","robots":{"index":"index","follow":"follow","max-snippet":"max-snippet:-1","max-image-preview":"max-image-preview:large","max-video-preview":"max-video-preview:-1"},"canonical":"https:\/\/www.nutrition-sante.diet\/site\/presentation\/","og_locale":"fr_FR","og_type":"article","og_title":"Pr\u00e9sentation - Sophie Viars - Di\u00e9t\u00e9ticienne Nutritionniste","og_description":"[vc_row tm_bgcolor=\u00a0\u00bbwhite\u00a0\u00bb break_in_responsive=\u00a0\u00bb991&Prime; css=\u00a0\u00bb.vc_custom_1516348009608{padding-top: 0px !important;padding-bottom: 0px !important;}\u00a0\u00bb][vc_column width=\u00a0\u00bb1\/3&Prime; el_class=\u00a0\u00bbwearenutcopr-block\u00a0\u00bb][vc_single_image image=\u00a0\u00bb4175&Prime; img_size=\u00a0\u00bbfull\u00a0\u00bb][\/vc_column][vc_column width=\u00a0\u00bb2\/3&Prime; css=\u00a0\u00bb.vc_custom_1513242560484{padding-top: 80px !important;padding-bottom: 80px !important;padding-left: 40px !important;}\u00a0\u00bb el_class=\u00a0\u00bbpadding-top-0px-991 padding-left-15px-991&Prime;][vc_column_text]Ma formation de chimiste et 15 ann\u00e9es dans l\u2019industrie pharmaceutique m\u2019ont fait prendre conscience que notre sant\u00e9 est conditionn\u00e9e par une vie saine et \u00e9quilibr\u00e9e. Mon dipl\u00f4me de di\u00e9t\u00e9ticienne-nutritionniste compl\u00e9t\u00e9 par un DU de &hellip; Continue reading Pr\u00e9sentation","og_url":"https:\/\/www.nutrition-sante.diet\/site\/presentation\/","og_site_name":"Sophie Viars - Di\u00e9t\u00e9ticienne Nutritionniste","article_modified_time":"2018-03-27T15:40:04+00:00","twitter_card":"summary_large_image","twitter_misc":{"Dur\u00e9e de lecture estim\u00e9e":"2 minutes"},"schema":{"@context":"https:\/\/schema.org","@graph":[{"@type":"WebPage","@id":"https:\/\/www.nutrition-sante.diet\/site\/presentation\/","url":"https:\/\/www.nutrition-sante.diet\/site\/presentation\/","name":"Pr\u00e9sentation - Sophie Viars - Di\u00e9t\u00e9ticienne Nutritionniste","isPartOf":{"@id":"https:\/\/www.nutrition-sante.diet\/site\/#website"},"datePublished":"2018-01-15T15:23:52+00:00","dateModified":"2018-03-27T15:40:04+00:00","breadcrumb":{"@id":"https:\/\/www.nutrition-sante.diet\/site\/presentation\/#breadcrumb"},"inLanguage":"fr-FR","potentialAction":[{"@type":"ReadAction","target":["https:\/\/www.nutrition-sante.diet\/site\/presentation\/"]}]},{"@type":"BreadcrumbList","@id":"https:\/\/www.nutrition-sante.diet\/site\/presentation\/#breadcrumb","itemListElement":[{"@type":"ListItem","position":1,"name":"Accueil","item":"https:\/\/www.nutrition-sante.diet\/site\/"},{"@type":"ListItem","position":2,"name":"Pr\u00e9sentation"}]},{"@type":"WebSite","@id":"https:\/\/www.nutrition-sante.diet\/site\/#website","url":"https:\/\/www.nutrition-sante.diet\/site\/","name":"Sophie Viars - Di\u00e9t\u00e9ticienne Nutritionniste","description":"","potentialAction":[{"@type":"SearchAction","target":{"@type":"EntryPoint","urlTemplate":"https:\/\/www.nutrition-sante.diet\/site\/?s={search_term_string}"},"query-input":{"@type":"PropertyValueSpecification","valueRequired":true,"valueName":"search_term_string"}}],"inLanguage":"fr-FR"}]}},"_links":{"self":[{"href":"https:\/\/www.nutrition-sante.diet\/site\/wp-json\/wp\/v2\/pages\/3750","targetHints":{"allow":["GET"]}}],"collection":[{"href":"https:\/\/www.nutrition-sante.diet\/site\/wp-json\/wp\/v2\/pages"}],"about":[{"href":"https:\/\/www.nutrition-sante.diet\/site\/wp-json\/wp\/v2\/types\/page"}],"author":[{"embeddable":true,"href":"https:\/\/www.nutrition-sante.diet\/site\/wp-json\/wp\/v2\/users\/2"}],"replies":[{"embeddable":true,"href":"https:\/\/www.nutrition-sante.diet\/site\/wp-json\/wp\/v2\/comments?post=3750"}],"version-history":[{"count":41,"href":"https:\/\/www.nutrition-sante.diet\/site\/wp-json\/wp\/v2\/pages\/3750\/revisions"}],"predecessor-version":[{"id":4177,"href":"https:\/\/www.nutrition-sante.diet\/site\/wp-json\/wp\/v2\/pages\/3750\/revisions\/4177"}],"wp:attachment":[{"href":"https:\/\/www.nutrition-sante.diet\/site\/wp-json\/wp\/v2\/media?parent=3750"}],"curies":[{"name":"wp","href":"https:\/\/api.w.org\/{rel}","templated":true}]}}