{"id":2246,"date":"2017-09-01T05:41:11","date_gmt":"2017-09-01T05:41:11","guid":{"rendered":"http:\/\/nutricorp.kwayythemes.com\/?page_id=2"},"modified":"2021-11-16T14:44:31","modified_gmt":"2021-11-16T13:44:31","slug":"homepage","status":"publish","type":"page","link":"https:\/\/www.nutrition-sante.diet\/site\/","title":{"rendered":"Homepage"},"content":{"rendered":"<div class=\"wpb-content-wrapper\"><p>[vc_row tm_bgcolor=\u00a0\u00bbgrey\u00a0\u00bb full_width=\u00a0\u00bbstretch_row\u00a0\u00bb css=\u00a0\u00bb.vc_custom_1511845519220{padding-top: 0px !important;}\u00a0\u00bb][vc_column][vc_row_inner tm_bgcolor=\u00a0\u00bbwhite\u00a0\u00bb tm_shadow=\u00a0\u00bbyes\u00a0\u00bb css_animation=\u00a0\u00bbslideInUp\u00a0\u00bb el_class=\u00a0\u00bbtm-sevicebox-sep serviceboxes-with-banner tm-servicebox-hover\u00a0\u00bb css=\u00a0\u00bb.vc_custom_1513402236689{margin-top: -80px !important;}\u00a0\u00bb][vc_column_inner width=\u00a0\u00bb1\/4&Prime; css=\u00a0\u00bb.vc_custom_1511844979908{padding-top: 50px !important;}\u00a0\u00bb]<div class=\"tm-sbox tm-sbox-iconalign-top-center none tm-sbox-bgcolor-transparent tm-bgcolor-transparent tm-sbox-textcolor- tm-textcolor- tm-sbox-isize-lg tm-sbox-isize-lg tm-sbox-istyle-none vc_custom_1518096283790 tm-bg tm-bgimage-yes tm-sbox-heading-only tm-servicebox-heading-line\"><div class=\"tm-sbox-bgimage-layer tm-bgimage-layer\"><\/div><div class=\"tm-sbox-wrapper-bg-layer tm-bg-layer\"><\/div><section class=\"tm-vc_cta3-container\"><div class=\"tm-vc_general tm-vc_cta3 tm-vc_cta3-align-left tm-vc_cta3-icon-size-lg tm-vc_cta3-icons-top tm-vc_cta3-actions-no\"><div class=\"tm-vc_cta3-icons tm-wrap-cell\"><div class=\"tm-vc_icon_element tm-vc_icon_element-outer tm-vc_icon_element-align-left \"><div class=\"tm-vc_icon_element-inner  tm-vc_icon_element-color-custom tm-vc_icon_element-size-lg tm-vc_icon_element-style-none tm-vc_icon_element-background-color-grey\" ><span class=\"tm-vc_icon_element-icon kw_nutricorp flaticon-cereals\" style=\"color:#627697 !important\"><\/span><\/div><\/div><\/div><div class=\"tm-vc_cta3_content-container\"><div class=\"tm-vc_cta3-content\"><div class=\"tm-vc_cta3-content-header tm-wrap\"><div class=\"tm-vc_cta3-headers tm-wrap-cell\"><h2 class=\"tm-custom-heading \" >Strat\u00e9gie nutritionnelle<\/h2>\n<\/div><\/div><\/div><div class=\"tm-cta3-desc-btn-wrapper\"><div class=\"tm-cta3-description\"><div class=\"tm-cta3-content-wrapper\"><p>sur mesure<\/p><\/div><\/div><\/div><\/div><\/div><\/section><\/div>[\/vc_column_inner][vc_column_inner width=\u00a0\u00bb1\/4&Prime; css=\u00a0\u00bb.vc_custom_1511844985700{padding-top: 50px !important;}\u00a0\u00bb]<div class=\"tm-sbox tm-sbox-iconalign-top-center none tm-sbox-bgcolor-transparent tm-bgcolor-transparent tm-sbox-textcolor- tm-textcolor- tm-sbox-isize-lg tm-sbox-isize-lg tm-sbox-istyle-none vc_custom_1518096569730 tm-bg tm-bgimage-yes tm-sbox-heading-only tm-servicebox-heading-line\"><div class=\"tm-sbox-bgimage-layer tm-bgimage-layer\"><\/div><div class=\"tm-sbox-wrapper-bg-layer tm-bg-layer\"><\/div><section class=\"tm-vc_cta3-container\"><div class=\"tm-vc_general tm-vc_cta3 tm-vc_cta3-align-left tm-vc_cta3-icon-size-lg tm-vc_cta3-icons-top tm-vc_cta3-actions-no\"><div class=\"tm-vc_cta3-icons tm-wrap-cell\"><div class=\"tm-vc_icon_element tm-vc_icon_element-outer tm-vc_icon_element-align-left \"><div class=\"tm-vc_icon_element-inner  tm-vc_icon_element-color-custom tm-vc_icon_element-size-lg tm-vc_icon_element-style-none tm-vc_icon_element-background-color-grey\" ><span class=\"tm-vc_icon_element-icon themifyicon ti-dribbble\" style=\"color:#627697 !important\"><\/span><\/div><\/div><\/div><div class=\"tm-vc_cta3_content-container\"><div class=\"tm-vc_cta3-content\"><div class=\"tm-vc_cta3-content-header tm-wrap\"><div class=\"tm-vc_cta3-headers tm-wrap-cell\"><h2 class=\"tm-custom-heading \" >Activit\u00e9 physique<\/h2>\n<\/div><\/div><\/div><div class=\"tm-cta3-desc-btn-wrapper\"><div class=\"tm-cta3-description\"><div class=\"tm-cta3-content-wrapper\"><p>p\u00e9renne car compatible avec votre vie<\/p><\/div><\/div><\/div><\/div><\/div><\/section><\/div>[\/vc_column_inner][vc_column_inner width=\u00a0\u00bb1\/4&Prime; css=\u00a0\u00bb.vc_custom_1511844991563{padding-top: 50px !important;}\u00a0\u00bb]<div class=\"tm-sbox tm-sbox-iconalign-top-center none tm-sbox-bgcolor-transparent tm-bgcolor-transparent tm-sbox-textcolor- tm-textcolor- tm-sbox-isize-lg tm-sbox-isize-lg tm-sbox-istyle-none vc_custom_1518096295298 tm-bg tm-bgimage-yes tm-sbox-heading-only tm-servicebox-heading-line\"><div class=\"tm-sbox-bgimage-layer tm-bgimage-layer\"><\/div><div class=\"tm-sbox-wrapper-bg-layer tm-bg-layer\"><\/div><section class=\"tm-vc_cta3-container\"><div class=\"tm-vc_general tm-vc_cta3 tm-vc_cta3-align-left tm-vc_cta3-icon-size-lg tm-vc_cta3-icons-top tm-vc_cta3-actions-no\"><div class=\"tm-vc_cta3-icons tm-wrap-cell\"><div class=\"tm-vc_icon_element tm-vc_icon_element-outer tm-vc_icon_element-align-left \"><div class=\"tm-vc_icon_element-inner  tm-vc_icon_element-color-custom tm-vc_icon_element-size-lg tm-vc_icon_element-style-none tm-vc_icon_element-background-color-grey\" ><span class=\"tm-vc_icon_element-icon themifyicon ti-target\" style=\"color:#627697 !important\"><\/span><\/div><\/div><\/div><div class=\"tm-vc_cta3_content-container\"><div class=\"tm-vc_cta3-content\"><div class=\"tm-vc_cta3-content-header tm-wrap\"><div class=\"tm-vc_cta3-headers tm-wrap-cell\"><h2 class=\"tm-custom-heading \" >Objectif<\/h2>\n<\/div><\/div><\/div><div class=\"tm-cta3-desc-btn-wrapper\"><div class=\"tm-cta3-description\"><div class=\"tm-cta3-content-wrapper\"><p>ambitieux &amp; r\u00e9alisable<\/p><\/div><\/div><\/div><\/div><\/div><\/section><\/div>[\/vc_column_inner][vc_column_inner width=\u00a0\u00bb1\/4&Prime; css=\u00a0\u00bb.vc_custom_1511844997860{padding-top: 50px !important;}\u00a0\u00bb]<div class=\"tm-sbox tm-sbox-iconalign-top-center none tm-sbox-bgcolor-transparent tm-bgcolor-transparent tm-sbox-textcolor- tm-textcolor- tm-sbox-isize-lg tm-sbox-isize-lg tm-sbox-istyle-none vc_custom_1518096520391 tm-bg tm-bgimage-yes tm-sbox-heading-only tm-servicebox-heading-line\"><div class=\"tm-sbox-bgimage-layer tm-bgimage-layer\"><\/div><div class=\"tm-sbox-wrapper-bg-layer tm-bg-layer\"><\/div><section class=\"tm-vc_cta3-container\"><div class=\"tm-vc_general tm-vc_cta3 tm-vc_cta3-align-left tm-vc_cta3-icon-size-lg tm-vc_cta3-icons-top tm-vc_cta3-actions-no\"><div class=\"tm-vc_cta3-icons tm-wrap-cell\"><div class=\"tm-vc_icon_element tm-vc_icon_element-outer tm-vc_icon_element-align-left \"><div class=\"tm-vc_icon_element-inner  tm-vc_icon_element-color-custom tm-vc_icon_element-size-lg tm-vc_icon_element-style-none tm-vc_icon_element-background-color-grey\" ><span class=\"tm-vc_icon_element-icon themifyicon ti-cup\" style=\"color:#627697 !important\"><\/span><\/div><\/div><\/div><div class=\"tm-vc_cta3_content-container\"><div class=\"tm-vc_cta3-content\"><div class=\"tm-vc_cta3-content-header tm-wrap\"><div class=\"tm-vc_cta3-headers tm-wrap-cell\"><h2 class=\"tm-custom-heading \" >R\u00e9sultat<\/h2>\n<\/div><\/div><\/div><div class=\"tm-cta3-desc-btn-wrapper\"><div class=\"tm-cta3-description\"><div class=\"tm-cta3-content-wrapper\"><p>sant\u00e9 &amp; bien-\u00eatre durables<\/p><\/div><\/div><\/div><\/div><\/div><\/section><\/div>[\/vc_column_inner][\/vc_row_inner][vc_row_inner css_animation=\u00a0\u00bbslideInUp\u00a0\u00bb css=\u00a0\u00bb.vc_custom_1516039629307{padding-top: 122px !important;}\u00a0\u00bb][vc_column_inner width=\u00a0\u00bb1\/2&Prime; css=\u00a0\u00bb.vc_custom_1511860026274{padding-right: 25px !important;}\u00a0\u00bb][vc_single_image image=\u00a0\u00bb4175&Prime; img_size=\u00a0\u00bbfull\u00a0\u00bb alignment=\u00a0\u00bbcenter\u00a0\u00bb css=\u00a0\u00bb.vc_custom_1522165024354{margin-right: 25px !important;}\u00a0\u00bb][\/vc_column_inner][vc_column_inner width=\u00a0\u00bb1\/2&Prime;]<div class=\"tm-element-heading-wrapper tm-heading-inner tm-element-align-left tm-seperator-solid tm-heading-style-vertical \"><section class=\"tm-vc_cta3-container\"><div class=\"tm-vc_general tm-vc_cta3 tm-cta3-only tm-vc_cta3-style-classic tm-vc_cta3-shape-rounded tm-vc_cta3-align-left tm-vc_cta3-color-transparent tm-vc_cta3-icon-size-md tm-vc_cta3-actions-no tm-cta3-with-desc\"><div class=\"tm-vc_cta3_content-container\"><div class=\"tm-vc_cta3-content\"><header class=\"tm-vc_cta3-content-header tm-wrap\"><div class=\"tm-vc_cta3-headers tm-wrap-cell\"><h4 style=\"color:#627697;\" class=\"tm-custom-heading tm-skincolor \" >Di\u00e9t\u00e9ticienne nutritionniste<\/h4>\n<h2 class=\"tm-custom-heading \" >Sophie <strong>Viars<\/strong><\/h2>\n<\/div><div class=\"heading-seperator\"><span><\/span><\/div><\/header><div class=\"tm-cta3-content-wrapper\"><p><strong><span style=\"color: #000000;\">Ma formation de chimiste et 15 ann\u00e9es dans l\u2019industrie pharmaceutique m\u2019ont convaincue que notre sant\u00e9 est conditionn\u00e9e par une alimentation quotidienne saine et \u00e9quilibr\u00e9e, associ\u00e9e \u00e0 la pratique r\u00e9guli\u00e8re d\u2019une activit\u00e9 physique.<\/span><\/strong><\/p><\/div><\/div><\/div><\/div><\/section><\/div> <!-- .tm-element-heading-wrapper container --> [vc_column_text]<\/p>\n<div class=\"tm-last-sep-none\"><div class=\"kwayy-social-links-wrapper\"><ul class=\"social-icons\"><li class=\"tm-social-linkedin\"><a class=\" tooltip-top\" target=\"_blank\" href=\"https:\/\/fr.linkedin.com\/in\/sophie-viars-2bbab47\/fr\" data-tooltip=\"LinkedIn\"><i class=\"tm-nutricorp-icon-linkedin\"><\/i><\/a><\/li>\n<\/ul><\/div><\/div>\n<p>[\/vc_column_text]\n\t\t<div class=\"tm-vc_btn3-container tm-vc_btn3-inline\"><a class=\"tm-vc_general tm-vc_btn3 tm-vc_btn3-size-md tm-vc_btn3-shape-round tm-vc_btn3-style-flat tm-vc_btn3-weight-no tm-vc_btn3-color-skincolor\" href=\"http:\/\/www.nutrition-sante.diet\/site\/presentation\/\" title=\"\">Lire la suite<\/a><\/div>[\/vc_column_inner][\/vc_row_inner][\/vc_column][\/vc_row]<\/p>\n<\/div>","protected":false},"excerpt":{"rendered":"<p>[vc_row tm_bgcolor=\u00a0\u00bbgrey\u00a0\u00bb full_width=\u00a0\u00bbstretch_row\u00a0\u00bb css=\u00a0\u00bb.vc_custom_1511845519220{padding-top: 0px !important;}\u00a0\u00bb][vc_column][vc_row_inner tm_bgcolor=\u00a0\u00bbwhite\u00a0\u00bb tm_shadow=\u00a0\u00bbyes\u00a0\u00bb css_animation=\u00a0\u00bbslideInUp\u00a0\u00bb el_class=\u00a0\u00bbtm-sevicebox-sep serviceboxes-with-banner tm-servicebox-hover\u00a0\u00bb css=\u00a0\u00bb.vc_custom_1513402236689{margin-top: -80px !important;}\u00a0\u00bb][vc_column_inner width=\u00a0\u00bb1\/4&Prime; css=\u00a0\u00bb.vc_custom_1511844979908{padding-top: 50px !important;}\u00a0\u00bb][\/vc_column_inner][vc_column_inner width=\u00a0\u00bb1\/4&Prime; css=\u00a0\u00bb.vc_custom_1511844985700{padding-top: 50px !important;}\u00a0\u00bb][\/vc_column_inner][vc_column_inner width=\u00a0\u00bb1\/4&Prime; css=\u00a0\u00bb.vc_custom_1511844991563{padding-top: 50px !important;}\u00a0\u00bb][\/vc_column_inner][vc_column_inner width=\u00a0\u00bb1\/4&Prime; css=\u00a0\u00bb.vc_custom_1511844997860{padding-top: 50px !important;}\u00a0\u00bb][\/vc_column_inner][\/vc_row_inner][vc_row_inner css_animation=\u00a0\u00bbslideInUp\u00a0\u00bb css=\u00a0\u00bb.vc_custom_1516039629307{padding-top: 122px !important;}\u00a0\u00bb][vc_column_inner width=\u00a0\u00bb1\/2&Prime; css=\u00a0\u00bb.vc_custom_1511860026274{padding-right: 25px !important;}\u00a0\u00bb][vc_single_image image=\u00a0\u00bb4175&Prime; img_size=\u00a0\u00bbfull\u00a0\u00bb alignment=\u00a0\u00bbcenter\u00a0\u00bb css=\u00a0\u00bb.vc_custom_1522165024354{margin-right: 25px !important;}\u00a0\u00bb][\/vc_column_inner][vc_column_inner width=\u00a0\u00bb1\/2&Prime;][vc_column_text] [\/vc_column_text][\/vc_column_inner][\/vc_row_inner][\/vc_column][\/vc_row]<\/p>\n","protected":false},"author":2,"featured_media":0,"parent":0,"menu_order":1,"comment_status":"closed","ping_status":"open","template":"","meta":{"footnotes":""},"class_list":["post-2246","page","type-page","status-publish","hentry"],"yoast_head":"<!-- This site is optimized with the Yoast SEO plugin v27.2 - https:\/\/yoast.com\/product\/yoast-seo-wordpress\/ -->\n<title>Sophie Viars - Di\u00e9t\u00e9ticienne Nutritionniste Toulouse<\/title>\n<meta name=\"description\" content=\"Sophie Viars - Ma formation de chimiste et 15 ann\u00e9es dans l\u2019industrie pharmaceutique m\u2019ont convaincue que notre sant\u00e9 est conditionn\u00e9e par une alimentation quotidienne saine et \u00e9quilibr\u00e9e, associ\u00e9e \u00e0 la pratique r\u00e9guli\u00e8re d\u2019une activit\u00e9 physique.\" \/>\n<meta name=\"robots\" content=\"index, follow, max-snippet:-1, max-image-preview:large, max-video-preview:-1\" \/>\n<link rel=\"canonical\" href=\"https:\/\/www.nutrition-sante.diet\/site\/\" \/>\n<meta property=\"og:locale\" content=\"fr_FR\" \/>\n<meta property=\"og:type\" content=\"article\" \/>\n<meta property=\"og:title\" content=\"Sophie Viars - Di\u00e9t\u00e9ticienne Nutritionniste Toulouse\" \/>\n<meta property=\"og:description\" content=\"Sophie Viars - Ma formation de chimiste et 15 ann\u00e9es dans l\u2019industrie pharmaceutique m\u2019ont convaincue que notre sant\u00e9 est conditionn\u00e9e par une alimentation quotidienne saine et \u00e9quilibr\u00e9e, associ\u00e9e \u00e0 la pratique r\u00e9guli\u00e8re d\u2019une activit\u00e9 physique.\" \/>\n<meta property=\"og:url\" content=\"https:\/\/www.nutrition-sante.diet\/site\/\" \/>\n<meta property=\"og:site_name\" content=\"Sophie Viars - Di\u00e9t\u00e9ticienne Nutritionniste\" \/>\n<meta property=\"article:modified_time\" content=\"2021-11-16T13:44:31+00:00\" \/>\n<meta name=\"twitter:card\" content=\"summary_large_image\" \/>\n<meta name=\"twitter:label1\" content=\"Dur\u00e9e de lecture estim\u00e9e\" \/>\n\t<meta name=\"twitter:data1\" content=\"1 minute\" \/>\n<script type=\"application\/ld+json\" class=\"yoast-schema-graph\">{\"@context\":\"https:\/\/schema.org\",\"@graph\":[{\"@type\":\"WebPage\",\"@id\":\"https:\/\/www.nutrition-sante.diet\/site\/\",\"url\":\"https:\/\/www.nutrition-sante.diet\/site\/\",\"name\":\"Sophie Viars - Di\u00e9t\u00e9ticienne Nutritionniste Toulouse\",\"isPartOf\":{\"@id\":\"https:\/\/www.nutrition-sante.diet\/site\/#website\"},\"datePublished\":\"2017-09-01T05:41:11+00:00\",\"dateModified\":\"2021-11-16T13:44:31+00:00\",\"description\":\"Sophie Viars - Ma formation de chimiste et 15 ann\u00e9es dans l\u2019industrie pharmaceutique m\u2019ont convaincue que notre sant\u00e9 est conditionn\u00e9e par une alimentation quotidienne saine et \u00e9quilibr\u00e9e, associ\u00e9e \u00e0 la pratique r\u00e9guli\u00e8re d\u2019une activit\u00e9 physique.\",\"breadcrumb\":{\"@id\":\"https:\/\/www.nutrition-sante.diet\/site\/#breadcrumb\"},\"inLanguage\":\"fr-FR\",\"potentialAction\":[{\"@type\":\"ReadAction\",\"target\":[\"https:\/\/www.nutrition-sante.diet\/site\/\"]}]},{\"@type\":\"BreadcrumbList\",\"@id\":\"https:\/\/www.nutrition-sante.diet\/site\/#breadcrumb\",\"itemListElement\":[{\"@type\":\"ListItem\",\"position\":1,\"name\":\"Accueil\",\"item\":\"https:\/\/www.nutrition-sante.diet\/site\/\"},{\"@type\":\"ListItem\",\"position\":2,\"name\":\"Homepage\"}]},{\"@type\":\"WebSite\",\"@id\":\"https:\/\/www.nutrition-sante.diet\/site\/#website\",\"url\":\"https:\/\/www.nutrition-sante.diet\/site\/\",\"name\":\"Sophie Viars - Di\u00e9t\u00e9ticienne Nutritionniste\",\"description\":\"\",\"potentialAction\":[{\"@type\":\"SearchAction\",\"target\":{\"@type\":\"EntryPoint\",\"urlTemplate\":\"https:\/\/www.nutrition-sante.diet\/site\/?s={search_term_string}\"},\"query-input\":{\"@type\":\"PropertyValueSpecification\",\"valueRequired\":true,\"valueName\":\"search_term_string\"}}],\"inLanguage\":\"fr-FR\"}]}<\/script>\n<!-- \/ Yoast SEO plugin. -->","yoast_head_json":{"title":"Sophie Viars - Di\u00e9t\u00e9ticienne Nutritionniste Toulouse","description":"Sophie Viars - Ma formation de chimiste et 15 ann\u00e9es dans l\u2019industrie pharmaceutique m\u2019ont convaincue que notre sant\u00e9 est conditionn\u00e9e par une alimentation quotidienne saine et \u00e9quilibr\u00e9e, associ\u00e9e \u00e0 la pratique r\u00e9guli\u00e8re d\u2019une activit\u00e9 physique.","robots":{"index":"index","follow":"follow","max-snippet":"max-snippet:-1","max-image-preview":"max-image-preview:large","max-video-preview":"max-video-preview:-1"},"canonical":"https:\/\/www.nutrition-sante.diet\/site\/","og_locale":"fr_FR","og_type":"article","og_title":"Sophie Viars - Di\u00e9t\u00e9ticienne Nutritionniste Toulouse","og_description":"Sophie Viars - Ma formation de chimiste et 15 ann\u00e9es dans l\u2019industrie pharmaceutique m\u2019ont convaincue que notre sant\u00e9 est conditionn\u00e9e par une alimentation quotidienne saine et \u00e9quilibr\u00e9e, associ\u00e9e \u00e0 la pratique r\u00e9guli\u00e8re d\u2019une activit\u00e9 physique.","og_url":"https:\/\/www.nutrition-sante.diet\/site\/","og_site_name":"Sophie Viars - Di\u00e9t\u00e9ticienne Nutritionniste","article_modified_time":"2021-11-16T13:44:31+00:00","twitter_card":"summary_large_image","twitter_misc":{"Dur\u00e9e de lecture estim\u00e9e":"1 minute"},"schema":{"@context":"https:\/\/schema.org","@graph":[{"@type":"WebPage","@id":"https:\/\/www.nutrition-sante.diet\/site\/","url":"https:\/\/www.nutrition-sante.diet\/site\/","name":"Sophie Viars - Di\u00e9t\u00e9ticienne Nutritionniste Toulouse","isPartOf":{"@id":"https:\/\/www.nutrition-sante.diet\/site\/#website"},"datePublished":"2017-09-01T05:41:11+00:00","dateModified":"2021-11-16T13:44:31+00:00","description":"Sophie Viars - Ma formation de chimiste et 15 ann\u00e9es dans l\u2019industrie pharmaceutique m\u2019ont convaincue que notre sant\u00e9 est conditionn\u00e9e par une alimentation quotidienne saine et \u00e9quilibr\u00e9e, associ\u00e9e \u00e0 la pratique r\u00e9guli\u00e8re d\u2019une activit\u00e9 physique.","breadcrumb":{"@id":"https:\/\/www.nutrition-sante.diet\/site\/#breadcrumb"},"inLanguage":"fr-FR","potentialAction":[{"@type":"ReadAction","target":["https:\/\/www.nutrition-sante.diet\/site\/"]}]},{"@type":"BreadcrumbList","@id":"https:\/\/www.nutrition-sante.diet\/site\/#breadcrumb","itemListElement":[{"@type":"ListItem","position":1,"name":"Accueil","item":"https:\/\/www.nutrition-sante.diet\/site\/"},{"@type":"ListItem","position":2,"name":"Homepage"}]},{"@type":"WebSite","@id":"https:\/\/www.nutrition-sante.diet\/site\/#website","url":"https:\/\/www.nutrition-sante.diet\/site\/","name":"Sophie Viars - Di\u00e9t\u00e9ticienne Nutritionniste","description":"","potentialAction":[{"@type":"SearchAction","target":{"@type":"EntryPoint","urlTemplate":"https:\/\/www.nutrition-sante.diet\/site\/?s={search_term_string}"},"query-input":{"@type":"PropertyValueSpecification","valueRequired":true,"valueName":"search_term_string"}}],"inLanguage":"fr-FR"}]}},"_links":{"self":[{"href":"https:\/\/www.nutrition-sante.diet\/site\/wp-json\/wp\/v2\/pages\/2246","targetHints":{"allow":["GET"]}}],"collection":[{"href":"https:\/\/www.nutrition-sante.diet\/site\/wp-json\/wp\/v2\/pages"}],"about":[{"href":"https:\/\/www.nutrition-sante.diet\/site\/wp-json\/wp\/v2\/types\/page"}],"author":[{"embeddable":true,"href":"https:\/\/www.nutrition-sante.diet\/site\/wp-json\/wp\/v2\/users\/2"}],"replies":[{"embeddable":true,"href":"https:\/\/www.nutrition-sante.diet\/site\/wp-json\/wp\/v2\/comments?post=2246"}],"version-history":[{"count":66,"href":"https:\/\/www.nutrition-sante.diet\/site\/wp-json\/wp\/v2\/pages\/2246\/revisions"}],"predecessor-version":[{"id":4236,"href":"https:\/\/www.nutrition-sante.diet\/site\/wp-json\/wp\/v2\/pages\/2246\/revisions\/4236"}],"wp:attachment":[{"href":"https:\/\/www.nutrition-sante.diet\/site\/wp-json\/wp\/v2\/media?parent=2246"}],"curies":[{"name":"wp","href":"https:\/\/api.w.org\/{rel}","templated":true}]}}